{"id":21,"date":"2021-07-15T17:08:24","date_gmt":"2021-07-15T15:08:24","guid":{"rendered":"http:\/\/archipel-learning.com\/?page_id=21"},"modified":"2026-01-12T15:25:34","modified_gmt":"2026-01-12T14:25:34","slug":"le-nouveau-e-mucem-ouvre-ses-portes-2","status":"publish","type":"page","link":"https:\/\/archipel-learning.com\/","title":{"rendered":"Donner de l&rsquo;\u00e9lan aux \u00e9quipes."},"content":{"rendered":"\n<div class=\"wp-block-columns is-layout-flex wp-container-core-columns-is-layout-9d6595d7 wp-block-columns-is-layout-flex\">\n<div class=\"wp-block-column is-layout-flow wp-block-column-is-layout-flow\"><\/div>\n<\/div>\n\n\n\n<figure class=\"wp-block-image size-full\"><a href=\"https:\/\/archipel-learning.com\/index.php\/ateliers-de-formation\/\"><img loading=\"lazy\" decoding=\"async\" width=\"1920\" height=\"1080\" src=\"https:\/\/archipel-learning.com\/wp-content\/uploads\/2026\/01\/V1-Smart_Skills_Boost_2026.png\" alt=\"\" class=\"wp-image-5780\" srcset=\"https:\/\/archipel-learning.com\/wp-content\/uploads\/2026\/01\/V1-Smart_Skills_Boost_2026.png 1920w, https:\/\/archipel-learning.com\/wp-content\/uploads\/2026\/01\/V1-Smart_Skills_Boost_2026-300x169.png 300w\" sizes=\"auto, (max-width: 767px) 89vw, (max-width: 1000px) 54vw, (max-width: 1071px) 543px, 580px\" \/><\/a><\/figure>\n\n\n\n<div class=\"wp-block-group alignwide\"><div class=\"wp-block-group__inner-container is-layout-flow wp-block-group-is-layout-flow\">\n<div class=\"wp-block-group is-vertical is-layout-flex wp-container-core-group-is-layout-8cf370e7 wp-block-group-is-layout-flex\">\n<div class=\"wp-block-group has-background\" style=\"background:linear-gradient(135deg,rgb(238,238,238) 76%,rgb(180,192,195) 100%)\"><div class=\"wp-block-group__inner-container is-layout-constrained wp-block-group-is-layout-constrained\">\n<div class=\"wp-block-columns alignfull are-vertically-aligned-bottom has-background is-layout-flex wp-container-core-columns-is-layout-9d6595d7 wp-block-columns-is-layout-flex\" style=\"background:linear-gradient(0deg,rgb(238,238,238) 0%,rgb(223,223,223) 84%)\">\n<div class=\"wp-block-column is-layout-flow wp-block-column-is-layout-flow\" style=\"flex-basis:85%\">\n<div style=\"height:0px\" aria-hidden=\"true\" class=\"wp-block-spacer\"><\/div>\n\n\n\n<div class=\"wp-block-group is-vertical is-content-justification-center is-nowrap is-layout-flex wp-container-core-group-is-layout-c8003664 wp-block-group-is-layout-flex\">\n<p class=\"has-text-align-left has-text-color\" style=\"color:#444178;font-size:24px;font-style:normal;font-weight:300;letter-spacing:-2px;line-height:1.1;text-transform:uppercase\">accompagner les commerciaux et les acheteurs pour  s&rsquo;adapter aux EVOLUTIONS du marche<\/p>\n<\/div>\n\n\n\n<div style=\"height:0px\" aria-hidden=\"true\" class=\"wp-block-spacer\"><\/div>\n<\/div>\n<\/div>\n\n\n\n<p class=\"has-black-color has-text-color has-link-color wp-elements-a1fe112592aeff0d8e1e2660e4a0207c\" style=\"font-style:normal;font-weight:300\">Les fonctions commerciales et achats sont au c\u0153ur de la cr\u00e9ation de valeur et de la comp\u00e9titivit\u00e9 des entreprises. Expos\u00e9es \u00e0 un environnement instable \u2014 crises sanitaires, logistiques, inflationnistes ou g\u00e9opolitiques \u2014 elles doivent aujourd\u2019hui conjuguer performance et r\u00e9silience.&nbsp;&nbsp;&nbsp;&nbsp;&nbsp;<\/p>\n\n\n\n<p class=\"has-black-color has-text-color has-link-color wp-elements-0326245de15c38960792d2d59623fa6b\" style=\"font-style:normal;font-weight:300\">Notre accompagnement vise \u00e0 renforcer leur capacit\u00e9 d\u2019adaptation face \u00e0 ces transformations tout en int\u00e9grant les nouvelles exigences sociales, environnementales et technologiques.&nbsp;&nbsp;&nbsp;&nbsp;&nbsp;&nbsp;&nbsp;&nbsp;&nbsp;&nbsp;&nbsp;&nbsp;&nbsp;&nbsp;&nbsp;&nbsp;&nbsp;&nbsp;&nbsp;&nbsp;&nbsp;&nbsp;&nbsp;&nbsp;&nbsp;&nbsp;&nbsp;&nbsp;&nbsp;&nbsp;&nbsp;&nbsp;&nbsp;&nbsp;&nbsp;&nbsp;&nbsp;&nbsp;&nbsp;&nbsp;&nbsp;&nbsp;&nbsp;&nbsp;<\/p>\n\n\n\n<p class=\"has-black-color has-text-color has-link-color wp-elements-866d09f690e8033e09d61e2e494fb19f\" style=\"font-style:normal;font-weight:300\">L\u2019essor des d\u00e9marches RSE red\u00e9finit leurs pratiques : de la conduite responsable des achats \u00e0 la valorisation durable des relations clients, ces fonctions deviennent des leviers strat\u00e9giques de performance globale.<\/p>\n\n\n\n<div class=\"wp-block-columns alignfull are-vertically-aligned-bottom has-background is-layout-flex wp-container-core-columns-is-layout-9d6595d7 wp-block-columns-is-layout-flex\" style=\"background:linear-gradient(0deg,rgb(238,238,238) 0%,rgb(223,223,223) 84%)\">\n<div class=\"wp-block-column is-layout-flow wp-block-column-is-layout-flow\" style=\"flex-basis:85%\">\n<div style=\"height:0px\" aria-hidden=\"true\" class=\"wp-block-spacer\"><\/div>\n\n\n\n<div class=\"wp-block-group is-vertical is-content-justification-center is-nowrap is-layout-flex wp-container-core-group-is-layout-c8003664 wp-block-group-is-layout-flex\">\n<p class=\"has-text-align-left has-text-color\" style=\"color:#444178;font-size:24px;font-style:normal;font-weight:300;letter-spacing:-2px;line-height:1.1;text-transform:uppercase\">former les negociateurs pour saisir l&rsquo;opportunite de l&rsquo;intelligence artificielle <\/p>\n<\/div>\n\n\n\n<div style=\"height:0px\" aria-hidden=\"true\" class=\"wp-block-spacer\"><\/div>\n<\/div>\n<\/div>\n\n\n\n<p class=\"has-black-color has-text-color has-link-color wp-elements-4981726c5a26bde297f6f0f9408ae2b3\" style=\"font-style:normal;font-weight:300\">L\u2019intelligence artificielle marque une rupture technologique majeure, comparable \u00e0 l\u2019arriv\u00e9e d\u2019Internet ou de la r\u00e9volution industrielle. Elle bouscule les rep\u00e8res, red\u00e9finit les comp\u00e9tences et reconfigure la cr\u00e9ation de valeur dans les entreprises.<\/p>\n\n\n\n<p class=\"has-black-color has-text-color has-link-color wp-elements-6d50749d1488d056e2decc713c954f15\" style=\"font-style:normal;font-weight:300\">Souvent per\u00e7ue comme une menace, elle repr\u00e9sente avant tout une formidable opportunit\u00e9 d\u2019augmenter les capacit\u00e9s humaines plut\u00f4t que de les remplacer.<\/p>\n\n\n\n<p class=\"has-black-color has-text-color has-link-color wp-elements-a166ec54bb05b15e8acd276560f22d7c\" style=\"font-style:normal;font-weight:300\">L\u2019humain demeure au c\u0153ur de la d\u00e9cision, de la cr\u00e9ativit\u00e9 et de la relation. L\u2019IA, en revanche, amplifie la vitesse d\u2019analyse, la pr\u00e9cision des donn\u00e9es et la r\u00e9activit\u00e9 face \u00e0 la complexit\u00e9. Ensemble, elles permettent d\u2019atteindre de nouveaux niveaux d\u2019efficacit\u00e9 et d\u2019innovation.<\/p>\n\n\n\n<p class=\"has-black-color has-text-color has-link-color wp-elements-0a1ae804c66345f2b7d17c4211164b25\" style=\"font-style:normal;font-weight:300\">Former les collaborateurs \u00e0 ces nouveaux outils devient essentiel, en particulier les forces commerciales et achats, au plus pr\u00e8s des dynamiques de march\u00e9.<\/p>\n\n\n\n<p class=\"has-black-color has-text-color has-link-color wp-elements-d34d58435ca7b237e1a27110f2665187\" style=\"font-style:normal;font-weight:300\">L\u2019accompagnement \u00e0 l\u2019usage de l\u2019intelligence artificielle, bien au-del\u00e0 d\u2019un simple apprentissage technique, repr\u00e9sente un investissement d\u00e9cisif pour d\u00e9velopper la comp\u00e9titivit\u00e9, l\u2019agilit\u00e9 et la r\u00e9silience de l\u2019entreprise de demain.<\/p>\n\n\n\n<p class=\"has-black-color has-text-color has-link-color wp-elements-2de3115112903a1146bb7341435dc5ea\" style=\"font-style:normal;font-weight:300\">Depuis plus de 15 ans, Archipel Learning propose des formations pour <strong>donner du pouvoir, accompagner et motiver les professionnels de l\u2019entrep<em>rise<\/em><\/strong> <em>&#8211;<a href=\"https:\/\/archipel-learning.com\/index.php\/formations\/\" data-type=\"page\" data-id=\"166\"> en savoir plus<\/a><\/em><\/p>\n\n\n\n<p class=\"has-black-color has-text-color has-link-color wp-elements-d0c1f74166573ddd212bb7fa2d8d7fcc\" style=\"font-style:normal;font-weight:300\">Nous vous proposons les formations <strong>L\u2019Intelligence Artificielle au service du N\u00e9gociateur<\/strong> <em>&#8211; <a href=\"https:\/\/archipel-learning.com\/index.php\/negociation-intelligence-artificielle\/\" data-type=\"page\" data-id=\"3225\">en savoir plus<\/a><\/em><\/p>\n\n\n\n<p style=\"font-style:normal;font-weight:300\"><strong>Nouveau !<\/strong> <strong>Ateliers de Formation \u00ab\u00a0Prompting<\/strong> <strong>IA<\/strong>\u00a0\u00bb &#8211; <a href=\"https:\/\/archipel-learning.com\/index.php\/ateliers-de-formation\/\" data-type=\"page\" data-id=\"5292\">en savoir plus<\/a><\/p>\n\n\n\n<p><\/p>\n<\/div><\/div>\n<\/div>\n<\/div><\/div>\n\n\n\n<p><\/p>\n\n\n\n<div class=\"wp-block-media-text alignfull is-stacked-on-mobile has-background\" style=\"background:linear-gradient(135deg,rgb(238,238,238) 74%,rgb(169,184,195) 100%);grid-template-columns:37% auto\"><figure class=\"wp-block-media-text__media\"><a href=\" https:\/\/archipel-learning.com\/index.php\/formation-negociation-achats\/\"><img loading=\"lazy\" decoding=\"async\" width=\"1024\" height=\"682\" src=\"https:\/\/archipel-learning.com\/wp-content\/uploads\/2024\/04\/handshake-g95cd6a3a5_1280-1024x682.jpg\" alt=\"\" class=\"wp-image-3486 size-full\" srcset=\"https:\/\/archipel-learning.com\/wp-content\/uploads\/2024\/04\/handshake-g95cd6a3a5_1280-1024x682.jpg 1024w, https:\/\/archipel-learning.com\/wp-content\/uploads\/2024\/04\/handshake-g95cd6a3a5_1280-300x200.jpg 300w, https:\/\/archipel-learning.com\/wp-content\/uploads\/2024\/04\/handshake-g95cd6a3a5_1280-768x512.jpg 768w, https:\/\/archipel-learning.com\/wp-content\/uploads\/2024\/04\/handshake-g95cd6a3a5_1280.jpg 1280w\" sizes=\"auto, (max-width: 767px) 89vw, (max-width: 1000px) 54vw, (max-width: 1071px) 543px, 580px\" \/><\/a><\/figure><div class=\"wp-block-media-text__content\">\n<div style=\"height:10px\" aria-hidden=\"true\" class=\"wp-block-spacer\"><\/div>\n\n\n\n<div class=\"wp-block-group is-vertical is-content-justification-center is-nowrap is-layout-flex wp-container-core-group-is-layout-c8003664 wp-block-group-is-layout-flex\">\n<p class=\"has-text-align-left has-text-color\" style=\"color:#444178;font-size:28px;font-style:normal;font-weight:300;letter-spacing:-3px;line-height:0.9;text-transform:uppercase\">formations  A  LA negociation  B2B<\/p>\n<\/div>\n\n\n\n<p class=\"has-text-align-left has-black-color has-text-color has-link-color wp-elements-6ab6856bce5ba066f2c0a32a0e9d2d42\" style=\"font-style:normal;font-weight:300\">Des formations modulables qui r\u00e9pondent aux besoins de tous les n\u00e9gociateurs et n\u00e9gociatrices de l&rsquo;entreprise, quels que soient leur niveau et leur fonction. <em><a href=\"https:\/\/archipel-learning.com\/index.php\/formation-negociation\/\" data-type=\"page\" data-id=\"867\">En savoir plus.<\/a><\/em><\/p>\n\n\n\n<div style=\"height:10px\" aria-hidden=\"true\" class=\"wp-block-spacer\"><\/div>\n<\/div><\/div>\n\n\n\n<div class=\"wp-block-columns is-layout-flex wp-container-core-columns-is-layout-9d6595d7 wp-block-columns-is-layout-flex\">\n<div class=\"wp-block-column is-layout-flow wp-block-column-is-layout-flow\" style=\"flex-basis:100%\">\n<div class=\"wp-block-group alignfull\"><div class=\"wp-block-group__inner-container is-layout-constrained wp-block-group-is-layout-constrained\">\n<div class=\"wp-block-media-text alignfull is-stacked-on-mobile has-background\" style=\"background:linear-gradient(135deg,rgb(238,238,238) 74%,rgb(169,184,195) 100%);grid-template-columns:37% auto\"><figure class=\"wp-block-media-text__media\"><a href=\" https:\/\/archipel-learning.com\/index.php\/negociation-intelligence-artificielle\/\"><img loading=\"lazy\" decoding=\"async\" width=\"1024\" height=\"576\" src=\"https:\/\/archipel-learning.com\/wp-content\/uploads\/2024\/04\/Formations_Internationales-1-1024x576.png\" alt=\"\" class=\"wp-image-3554 size-full\" srcset=\"https:\/\/archipel-learning.com\/wp-content\/uploads\/2024\/04\/Formations_Internationales-1-1024x576.png 1024w, https:\/\/archipel-learning.com\/wp-content\/uploads\/2024\/04\/Formations_Internationales-1-300x169.png 300w, https:\/\/archipel-learning.com\/wp-content\/uploads\/2024\/04\/Formations_Internationales-1-768x432.png 768w, https:\/\/archipel-learning.com\/wp-content\/uploads\/2024\/04\/Formations_Internationales-1.png 1280w\" sizes=\"auto, (max-width: 767px) 89vw, (max-width: 1000px) 54vw, (max-width: 1071px) 543px, 580px\" \/><\/a><\/figure><div class=\"wp-block-media-text__content\">\n<div style=\"height:10px\" aria-hidden=\"true\" class=\"wp-block-spacer\"><\/div>\n\n\n\n<div class=\"wp-block-group is-vertical is-content-justification-center is-nowrap is-layout-flex wp-container-core-group-is-layout-c8003664 wp-block-group-is-layout-flex\">\n<p class=\"has-text-align-left has-text-color\" style=\"color:#444178;font-size:28px;font-style:normal;font-weight:300;letter-spacing:-3px;line-height:0.9;text-transform:uppercase\">formations internationales<\/p>\n<\/div>\n\n\n\n<p class=\"has-text-align-left has-black-color has-text-color has-link-color wp-elements-c7c1b5f8313988d24edeee284d2ac2fd\" style=\"font-style:normal;font-weight:300\">Des formations modulables qui r\u00e9pondent aux besoins des acheteurs et des commerciaux o\u00f9 qu&rsquo;ils soient bas\u00e9s dans le monde. <a href=\"https:\/\/archipel-learning.com\/index.php\/negociations-internationales\/\" data-type=\"page\" data-id=\"793\"><em>En savoir plus<\/em>.<\/a><\/p>\n\n\n\n<div style=\"height:10px\" aria-hidden=\"true\" class=\"wp-block-spacer\"><\/div>\n<\/div><\/div>\n<\/div><\/div>\n<\/div>\n<\/div>\n\n\n\n<div class=\"wp-block-media-text alignfull is-stacked-on-mobile has-background\" style=\"background:linear-gradient(135deg,rgb(238,238,238) 74%,rgb(169,184,195) 100%);grid-template-columns:37% auto\"><figure class=\"wp-block-media-text__media\"><a href=\" https:\/\/archipel-learning.com\/index.php\/formation-negociation-commerciale\/\"><img loading=\"lazy\" decoding=\"async\" width=\"1024\" height=\"576\" src=\"https:\/\/archipel-learning.com\/wp-content\/uploads\/2024\/08\/NEGO-VENTE-1024x576.png\" alt=\"\" class=\"wp-image-4497 size-full\" srcset=\"https:\/\/archipel-learning.com\/wp-content\/uploads\/2024\/08\/NEGO-VENTE-1024x576.png 1024w, https:\/\/archipel-learning.com\/wp-content\/uploads\/2024\/08\/NEGO-VENTE-300x169.png 300w, https:\/\/archipel-learning.com\/wp-content\/uploads\/2024\/08\/NEGO-VENTE-768x432.png 768w, https:\/\/archipel-learning.com\/wp-content\/uploads\/2024\/08\/NEGO-VENTE.png 1280w\" sizes=\"auto, (max-width: 767px) 89vw, (max-width: 1000px) 54vw, (max-width: 1071px) 543px, 580px\" \/><\/a><\/figure><div class=\"wp-block-media-text__content\">\n<div style=\"height:10px\" aria-hidden=\"true\" class=\"wp-block-spacer\"><\/div>\n\n\n\n<div class=\"wp-block-group is-vertical is-content-justification-center is-nowrap is-layout-flex wp-container-core-group-is-layout-c8003664 wp-block-group-is-layout-flex\">\n<p class=\"has-text-align-left has-text-color\" style=\"color:#444178;font-size:28px;font-style:normal;font-weight:300;letter-spacing:-4px;line-height:0.9;text-transform:uppercase\">FORMATIONS   A  LA  NEGOCIATION   commerciale  &amp;  SALES   MANAGEMENT<\/p>\n<\/div>\n\n\n\n<p class=\"has-text-align-left has-black-color has-text-color has-link-color wp-elements-b47f35192ac76575bc30b64320aef5a3\" style=\"font-style:normal;font-weight:300\">Des formations modulables qui r\u00e9pondent aux besoins des \u00e9quipes de Vente, quels que soient leur niveau et leur fonction. <em><a href=\"https:\/\/archipel-learning.com\/index.php\/formation-negociation-commerciale\/\" data-type=\"page\" data-id=\"474\">En savoir plus.<\/a><\/em><\/p>\n\n\n\n<div style=\"height:10px\" aria-hidden=\"true\" class=\"wp-block-spacer\"><\/div>\n<\/div><\/div>\n\n\n\n<div class=\"wp-block-media-text alignfull is-stacked-on-mobile has-background\" style=\"background:linear-gradient(135deg,rgb(238,238,238) 74%,rgb(169,184,195) 100%);grid-template-columns:37% auto\"><figure class=\"wp-block-media-text__media\"><a href=\" https:\/\/archipel-learning.com\/index.php\/formation-negociation-achats\/\"><img loading=\"lazy\" decoding=\"async\" width=\"1024\" height=\"576\" src=\"https:\/\/archipel-learning.com\/wp-content\/uploads\/2024\/04\/test--1024x576.png\" alt=\"\" class=\"wp-image-3372 size-full\" srcset=\"https:\/\/archipel-learning.com\/wp-content\/uploads\/2024\/04\/test--1024x576.png 1024w, https:\/\/archipel-learning.com\/wp-content\/uploads\/2024\/04\/test--300x169.png 300w, https:\/\/archipel-learning.com\/wp-content\/uploads\/2024\/04\/test--768x432.png 768w, https:\/\/archipel-learning.com\/wp-content\/uploads\/2024\/04\/test-.png 1280w\" sizes=\"auto, (max-width: 767px) 89vw, (max-width: 1000px) 54vw, (max-width: 1071px) 543px, 580px\" \/><\/a><\/figure><div class=\"wp-block-media-text__content\">\n<div style=\"height:10px\" aria-hidden=\"true\" class=\"wp-block-spacer\"><\/div>\n\n\n\n<div class=\"wp-block-group is-vertical is-content-justification-center is-nowrap is-layout-flex wp-container-core-group-is-layout-c8003664 wp-block-group-is-layout-flex\">\n<p class=\"has-text-align-left has-text-color\" style=\"color:#444178;font-size:28px;font-style:normal;font-weight:300;letter-spacing:-3px;line-height:0.9;text-transform:uppercase\">FORMATIONS   A  LA NEGOCIATION ACHAT  &amp;  PURCHASING MANAGEMENT<\/p>\n<\/div>\n\n\n\n<p class=\"has-text-align-left has-black-color has-text-color has-link-color wp-elements-166ff5d44a19faa08e58e1982a4ab32f\" style=\"font-style:normal;font-weight:300\">Des formations modulables qui r\u00e9pondent aux besoins des \u00e9quipes Achats et Procurement, quels que soient leur niveau et leur fonction.<a href=\"https:\/\/archipel-learning.com\/index.php\/negociation-achats\/\" data-type=\"page\" data-id=\"502\"> <\/a><em><a href=\"https:\/\/archipel-learning.com\/index.php\/formation-negociation-achats\/\" data-type=\"page\" data-id=\"502\">En savoir plus.<\/a><\/em><\/p>\n\n\n\n<div style=\"height:10px\" aria-hidden=\"true\" class=\"wp-block-spacer\"><\/div>\n<\/div><\/div>\n\n\n\n<div class=\"wp-block-media-text alignfull is-stacked-on-mobile has-background\" style=\"background:linear-gradient(135deg,rgb(238,238,238) 74%,rgb(169,184,195) 100%);grid-template-columns:38% auto\"><figure class=\"wp-block-media-text__media\"><a href=\" https:\/\/archipel-learning.com\/index.php\/negociation-intelligence-artificielle\/\"><img loading=\"lazy\" decoding=\"async\" width=\"1280\" height=\"719\" src=\"https:\/\/archipel-learning.com\/wp-content\/uploads\/2024\/04\/technology-3389904_1280-1.jpg\" alt=\"\" class=\"wp-image-3368 size-full\" srcset=\"https:\/\/archipel-learning.com\/wp-content\/uploads\/2024\/04\/technology-3389904_1280-1.jpg 1280w, https:\/\/archipel-learning.com\/wp-content\/uploads\/2024\/04\/technology-3389904_1280-1-300x169.jpg 300w, https:\/\/archipel-learning.com\/wp-content\/uploads\/2024\/04\/technology-3389904_1280-1-1024x575.jpg 1024w, https:\/\/archipel-learning.com\/wp-content\/uploads\/2024\/04\/technology-3389904_1280-1-768x431.jpg 768w\" sizes=\"auto, (max-width: 767px) 89vw, (max-width: 1000px) 54vw, (max-width: 1071px) 543px, 580px\" \/><\/a><\/figure><div class=\"wp-block-media-text__content\">\n<div style=\"height:10px\" aria-hidden=\"true\" class=\"wp-block-spacer\"><\/div>\n\n\n\n<div class=\"wp-block-group is-vertical is-content-justification-center is-nowrap is-layout-flex wp-container-core-group-is-layout-c8003664 wp-block-group-is-layout-flex\">\n<p class=\"has-text-align-left has-text-color\" style=\"color:#444178;font-size:28px;font-style:normal;font-weight:300;letter-spacing:-3px;line-height:0.9;text-transform:uppercase\">FORMATIONS  A LA NEGOCIATION  &amp; IA<\/p>\n<\/div>\n\n\n\n<p class=\"has-text-align-left has-black-color has-text-color has-link-color wp-elements-16b2d47984e871b9a12c7d39f187e9bc\" style=\"font-style:normal;font-weight:300\">Des formations \u00e0 la n\u00e9gociation avec le support de l&rsquo;Intelligence Artificielle pour r\u00e9pondre aux nouveaux d\u00e9fis de l&rsquo;entreprise. <a href=\"https:\/\/archipel-learning.com\/index.php\/negociation-intelligence-artificielle\/\" data-type=\"page\" data-id=\"3225\"><em>En savoir plus<\/em>.<\/a><\/p>\n\n\n\n<div style=\"height:10px\" aria-hidden=\"true\" class=\"wp-block-spacer\"><\/div>\n<\/div><\/div>\n","protected":false},"excerpt":{"rendered":"<p>accompagner les commerciaux et les acheteurs pour s&rsquo;adapter aux EVOLUTIONS du marche Les fonctions commerciales et achats sont au c\u0153ur de la cr\u00e9ation de valeur et de la comp\u00e9titivit\u00e9 des entreprises. Expos\u00e9es \u00e0 un environnement instable \u2014 crises sanitaires, logistiques, inflationnistes ou g\u00e9opolitiques \u2014 elles doivent aujourd\u2019hui conjuguer performance et r\u00e9silience.&nbsp;&nbsp;&nbsp;&nbsp;&nbsp; Notre accompagnement vise \u00e0 &hellip; <\/p>\n<p class=\"link-more\"><a href=\"https:\/\/archipel-learning.com\/\" class=\"more-link\">Continuer la lecture<span class=\"screen-reader-text\"> de &laquo;&nbsp;Donner de l&rsquo;\u00e9lan aux \u00e9quipes.&nbsp;&raquo;<\/span><\/a><\/p>\n","protected":false},"author":1,"featured_media":0,"parent":0,"menu_order":0,"comment_status":"closed","ping_status":"closed","template":"","meta":{"footnotes":""},"class_list":["post-21","page","type-page","status-publish","hentry"],"_links":{"self":[{"href":"https:\/\/archipel-learning.com\/index.php\/wp-json\/wp\/v2\/pages\/21","targetHints":{"allow":["GET"]}}],"collection":[{"href":"https:\/\/archipel-learning.com\/index.php\/wp-json\/wp\/v2\/pages"}],"about":[{"href":"https:\/\/archipel-learning.com\/index.php\/wp-json\/wp\/v2\/types\/page"}],"author":[{"embeddable":true,"href":"https:\/\/archipel-learning.com\/index.php\/wp-json\/wp\/v2\/users\/1"}],"replies":[{"embeddable":true,"href":"https:\/\/archipel-learning.com\/index.php\/wp-json\/wp\/v2\/comments?post=21"}],"version-history":[{"count":405,"href":"https:\/\/archipel-learning.com\/index.php\/wp-json\/wp\/v2\/pages\/21\/revisions"}],"predecessor-version":[{"id":5782,"href":"https:\/\/archipel-learning.com\/index.php\/wp-json\/wp\/v2\/pages\/21\/revisions\/5782"}],"wp:attachment":[{"href":"https:\/\/archipel-learning.com\/index.php\/wp-json\/wp\/v2\/media?parent=21"}],"curies":[{"name":"wp","href":"https:\/\/api.w.org\/{rel}","templated":true}]}}